{"id":62,"date":"2014-09-11T00:36:32","date_gmt":"2014-09-11T00:36:32","guid":{"rendered":"http:\/\/www.essenceodonto.com.br\/wordpress\/?page_id=62"},"modified":"2015-06-08T17:48:20","modified_gmt":"2015-06-08T17:48:20","slug":"ortodontia","status":"publish","type":"page","link":"https:\/\/www.essenceodonto.com.br\/?page_id=62","title":{"rendered":"Ortodontia"},"content":{"rendered":"<h3 style=\"text-align: justify;\"><strong>Como o aparelho fixo funciona?<\/strong><\/h3>\n<p style=\"text-align: justify;\">O aparelho fixo movimenta os dentes pela aplica\u00e7\u00e3o de for\u00e7a. A pe\u00e7a que \u00e9 colada no dente \u00e9 chamada de\u00a0<strong>br\u00e1quetes<\/strong>\u00a0e pode ser <strong>met\u00e1lico<\/strong>\u00a0ou de <strong>porcelana<\/strong>, \u00e9 ele que permite que o ortodontista aplique uma determinada for\u00e7a nos dentes atrav\u00e9s dos fios e acess\u00f3rios. O\u00a0<strong>fio met\u00e1lico<\/strong> passa pelos br\u00e1quetes e \u00e9 o principal respons\u00e1vel pela movimenta\u00e7\u00e3o dent\u00e1ria. Os fios\u00a0podem ter calibres diferentes e ser de ligas met\u00e1licas diferentes tamb\u00e9m, dependendo da fun\u00e7\u00e3o. As\u00a0borrachinhas coloridas servem para fixar o fio aos br\u00e1quetes que por sua vez est\u00e3o colados nos dentes. \u00c9 assim que o fio\u00a0movimenta os dentes. Usando acess\u00f3rios (molas e el\u00e1sticos) e dobras no fio, o ortodontista consegue fazer com que os dentes se movimentem, corrigindo os problemas est\u00e9ticos e funcionais da boca.<\/p>\n<p><span style=\"color: #333333;\">\u00a0<a href=\"http:\/\/www.essenceodonto.com.br\/wp-content\/uploads\/2014\/09\/20_0RT0D0NTIA.jpg\"><img fetchpriority=\"high\" decoding=\"async\" class=\"alignnone wp-image-180 size-full\" src=\"http:\/\/www.essenceodonto.com.br\/wp-content\/uploads\/2014\/09\/20_0RT0D0NTIA-e1432732242973.jpg\" alt=\"20_0RT0D0NTIA\" width=\"1006\" height=\"263\" srcset=\"https:\/\/www.essenceodonto.com.br\/wp-content\/uploads\/2014\/09\/20_0RT0D0NTIA-e1432732242973.jpg 1006w, https:\/\/www.essenceodonto.com.br\/wp-content\/uploads\/2014\/09\/20_0RT0D0NTIA-e1432732242973-300x78.jpg 300w\" sizes=\"(max-width: 1006px) 100vw, 1006px\" \/><\/a><\/span><\/p>\n<h3 style=\"text-align: justify;\"><\/h3>\n<h3 style=\"text-align: justify;\"><strong>Como os\u00a0<span lang=\"en\">br\u00e1quetes<\/span>\u00a0s\u00e3o colados nos dentes?<\/strong><\/h3>\n<p style=\"text-align: justify;\">Eles s\u00e3o colados com um material muito parecido com aquele usado para fazer restaura\u00e7\u00f5es da cor dos dentes: a\u00a0<strong>Resina Composta<\/strong>. \u00a0E a colagem n\u00e3o causa nenhum dano ao esmalte dos dentes.<\/p>\n<p>&nbsp;<\/p>\n<h3><strong>Todo aparelho precisa de borrachinhas para prender o fio?<\/strong><\/h3>\n<p style=\"text-align: justify;\">N\u00e3o, existem os br\u00e1quetes auto-ligados que dispensam as borrachinhas, pois o pr\u00f3prio br\u00e1quete possui um encaixe que segura o fio. Estes br\u00e1quetes normalmente necessitam menos consultas e fazem com que o tratamento seja mais r\u00e1pido.<\/p>\n<p>&nbsp;<\/p>\n<h3 style=\"text-align: justify;\"><strong>Em m\u00e9dia, quanto tempo dura o tratamento?<\/strong><\/h3>\n<p style=\"text-align: justify;\">Normalmente dura em torno de dois a tr\u00eas anos, podendo variar de acordo com o caso. O prazo do tratamento s\u00f3 pode ser definido com precis\u00e3o ap\u00f3s uma avalia\u00e7\u00e3o com o ortodontista.<\/p>\n<p>&nbsp;<\/p>\n<h3 style=\"text-align: justify;\"><strong>Por que algumas pessoas precisam extrair um ou mais dentes durante o tratamento ortod\u00f4ntico?<\/strong><\/h3>\n<p style=\"text-align: justify;\">Simplificando&#8230; podemos dizer que as extra\u00e7\u00f5es s\u00e3o recomendadas quando n\u00e3o h\u00e1 osso suficiente para acomodar todos os dentes. O ortodontista vai decidir extrair ou n\u00e3o, dependendo do estudo do caso que \u00e9 feito atrav\u00e9s da documenta\u00e7\u00e3o ortod\u00f4ntica (radiografias, modelos, etc.). Extrair dentes \u00e9 um \u00f3timo recurso quando bem indicado, mas, se for mal planejado, pode comprometer o resultado.<\/p>\n<p><span style=\"color: #333333;\">\u00a0<\/span><\/p>\n<p><span style=\"color: #333333;\">\u00a0<\/span><\/p>\n","protected":false},"excerpt":{"rendered":"<p>Como o aparelho fixo funciona? O aparelho fixo movimenta os dentes pela aplica\u00e7\u00e3o de for\u00e7a. A pe\u00e7a que \u00e9 colada no dente \u00e9 chamada de\u00a0br\u00e1quetes\u00a0e pode ser met\u00e1lico\u00a0ou de porcelana, \u00e9 ele que permite que o ortodontista aplique uma determinada for\u00e7a nos dentes atrav\u00e9s dos fios e acess\u00f3rios. O\u00a0fio met\u00e1lico passa pelos br\u00e1quetes e \u00e9 [&hellip;]<\/p>\n","protected":false},"author":1,"featured_media":0,"parent":0,"menu_order":0,"comment_status":"closed","ping_status":"closed","template":"","meta":{"footnotes":""},"class_list":["post-62","page","type-page","status-publish","hentry"],"_links":{"self":[{"href":"https:\/\/www.essenceodonto.com.br\/index.php?rest_route=\/wp\/v2\/pages\/62","targetHints":{"allow":["GET"]}}],"collection":[{"href":"https:\/\/www.essenceodonto.com.br\/index.php?rest_route=\/wp\/v2\/pages"}],"about":[{"href":"https:\/\/www.essenceodonto.com.br\/index.php?rest_route=\/wp\/v2\/types\/page"}],"author":[{"embeddable":true,"href":"https:\/\/www.essenceodonto.com.br\/index.php?rest_route=\/wp\/v2\/users\/1"}],"replies":[{"embeddable":true,"href":"https:\/\/www.essenceodonto.com.br\/index.php?rest_route=%2Fwp%2Fv2%2Fcomments&post=62"}],"version-history":[{"count":14,"href":"https:\/\/www.essenceodonto.com.br\/index.php?rest_route=\/wp\/v2\/pages\/62\/revisions"}],"predecessor-version":[{"id":195,"href":"https:\/\/www.essenceodonto.com.br\/index.php?rest_route=\/wp\/v2\/pages\/62\/revisions\/195"}],"wp:attachment":[{"href":"https:\/\/www.essenceodonto.com.br\/index.php?rest_route=%2Fwp%2Fv2%2Fmedia&parent=62"}],"curies":[{"name":"wp","href":"https:\/\/api.w.org\/{rel}","templated":true}]}}