{"id":27,"date":"2014-08-26T01:41:29","date_gmt":"2014-08-26T01:41:29","guid":{"rendered":"http:\/\/www.essenceodonto.com.br\/wordpress\/?page_id=27"},"modified":"2018-06-14T00:02:28","modified_gmt":"2018-06-14T00:02:28","slug":"27-2","status":"publish","type":"page","link":"https:\/\/www.essenceodonto.com.br\/?page_id=27","title":{"rendered":"Contato"},"content":{"rendered":"<p>Agende sua consulta preenchendo o formul\u00e1rio abaixo:<\/p>\n<p>[contact-form-7 id=&#8221;248&#8243; title=&#8221;Formul\u00e1rio de contato 1&#8243;]<\/p>\n<h3 class=\"widget-title\">Localiza\u00e7\u00e3o<\/h3>\n<p>\n<strong>Gravata\u00ed<strong><br \/>\nAv. Jos\u00e9 Loureiro da Silva 2251\/504 &#8211; CEP: 94010-001<br \/>\nBairro Centro &#8211; Gravata\u00ed\/RS<br \/>\nTelefone: (51) 3496.3400 &#8211; (51) 99265.9314<br \/>\nE-mail: <a href=\"mailto:contato@essenceodonto.com.br\">contato@essenceodonto.com.br<\/a><\/p>\n<p>\n<strong>Porto Alegre<strong><br \/>\nAv. Cristov\u00e3o Colombo, 2162 &#8211; Sala 301 &#8211; CEP 90560-002<br \/>\nFloresta &#8211; Porto Alegre\/RS<br \/>\nTelefone: (51) 3012.2330 &#8211; (51) 99119.0245<br \/>\nE-mail: <a href=\"mailto:cristinaimplanto@gmail.com\">cristinaimplanto@gmail.com<\/a><\/p>\n","protected":false},"excerpt":{"rendered":"<p>Agende sua consulta preenchendo o formul\u00e1rio abaixo: [contact-form-7 id=&#8221;248&#8243; title=&#8221;Formul\u00e1rio de contato 1&#8243;] Localiza\u00e7\u00e3o Gravata\u00ed Av. Jos\u00e9 Loureiro da Silva 2251\/504 &#8211; CEP: 94010-001 Bairro Centro &#8211; Gravata\u00ed\/RS Telefone: (51) 3496.3400 &#8211; (51) 99265.9314 E-mail: contato@essenceodonto.com.br Porto Alegre Av. Cristov\u00e3o Colombo, 2162 &#8211; Sala 301 &#8211; CEP 90560-002 Floresta &#8211; Porto Alegre\/RS Telefone: (51) 3012.2330 [&hellip;]<\/p>\n","protected":false},"author":1,"featured_media":0,"parent":0,"menu_order":0,"comment_status":"closed","ping_status":"closed","template":"templates\/template-full.php","meta":{"footnotes":""},"class_list":["post-27","page","type-page","status-publish","hentry"],"_links":{"self":[{"href":"https:\/\/www.essenceodonto.com.br\/index.php?rest_route=\/wp\/v2\/pages\/27","targetHints":{"allow":["GET"]}}],"collection":[{"href":"https:\/\/www.essenceodonto.com.br\/index.php?rest_route=\/wp\/v2\/pages"}],"about":[{"href":"https:\/\/www.essenceodonto.com.br\/index.php?rest_route=\/wp\/v2\/types\/page"}],"author":[{"embeddable":true,"href":"https:\/\/www.essenceodonto.com.br\/index.php?rest_route=\/wp\/v2\/users\/1"}],"replies":[{"embeddable":true,"href":"https:\/\/www.essenceodonto.com.br\/index.php?rest_route=%2Fwp%2Fv2%2Fcomments&post=27"}],"version-history":[{"count":16,"href":"https:\/\/www.essenceodonto.com.br\/index.php?rest_route=\/wp\/v2\/pages\/27\/revisions"}],"predecessor-version":[{"id":305,"href":"https:\/\/www.essenceodonto.com.br\/index.php?rest_route=\/wp\/v2\/pages\/27\/revisions\/305"}],"wp:attachment":[{"href":"https:\/\/www.essenceodonto.com.br\/index.php?rest_route=%2Fwp%2Fv2%2Fmedia&parent=27"}],"curies":[{"name":"wp","href":"https:\/\/api.w.org\/{rel}","templated":true}]}}