{"id":25,"date":"2014-08-26T01:40:02","date_gmt":"2014-08-26T01:40:02","guid":{"rendered":"http:\/\/www.essenceodonto.com.br\/wordpress\/?page_id=25"},"modified":"2015-08-10T13:04:39","modified_gmt":"2015-08-10T13:04:39","slug":"dicas","status":"publish","type":"page","link":"https:\/\/www.essenceodonto.com.br\/?page_id=25","title":{"rendered":"Dicas"},"content":{"rendered":"<h4><span style=\"color: #008080;\"><strong>Estar atento a algumas medidas simples podem ajudar a prevenir o aparecimento de diversas doen\u00e7as.<\/strong><\/span><\/h4>\n<h4><span style=\"text-decoration: underline;\"><strong><span style=\"text-decoration: underline;\">Por isso, visite regularmente seu dentista.<\/span><\/strong><\/span><\/h4>\n<p style=\"text-align: justify;\">Preparamos algumas dicas e informa\u00e7\u00f5es que ajudar\u00e3o voc\u00ea a cuidar sempre de sua sa\u00fade bucal:<\/p>\n<ol style=\"text-align: justify;\">\n<li style=\"text-align: justify;\"><span style=\"color: #333333;\"><strong>Escova\u00e7\u00e3o<\/strong><\/span>: Uma escova\u00e7\u00e3o correta e eficaz ajuda a prevenir as doen\u00e7as bucais.<\/li>\n<li style=\"text-align: justify;\"><span style=\"color: #333333;\"><strong>Fio dental:<\/strong><\/span> O uso do fio dental permite limpar eficazmente as superf\u00edcies interdentais onde a escova n\u00e3o alcan\u00e7a.<\/li>\n<li style=\"text-align: justify;\"><span style=\"color: #333333;\"><strong>Enxaguante:<\/strong><\/span> Complemente sua higiene bucal bochechando enxaguante bucal com fl\u00faor.<\/li>\n<li style=\"text-align: justify;\"><span style=\"color: #333333;\"><strong>Fl\u00faor:<\/strong><\/span> O fl\u00faor \u00e9 um ingrediente que protege os dentes das c\u00e1ries, tornando as superf\u00edcies dos dentes mais resistentes.<\/li>\n<li style=\"text-align: justify;\"><span style=\"color: #333333;\"><strong>Alimenta\u00e7\u00e3o<\/strong>:<\/span> Mantenha uma alimenta\u00e7\u00e3o saud\u00e1vel e equilibrada.<\/li>\n<li><span style=\"color: #333333;\"><strong><span style=\"text-decoration: underline;\"><span style=\"text-decoration: underline;\">Visite regularmente seu dentista<\/span>:<\/span><\/strong><\/span> A realiza\u00e7\u00e3o de consultas peri\u00f3dicas \u00e9 a \u00fanica forma de se detectar precocemente os problemas bucais. Nesta fase o tratamento \u00e9 indolor, mais f\u00e1cil e acess\u00edvel.<\/li>\n<\/ol>\n<p><a href=\"http:\/\/www.essenceodonto.com.br\/wp-content\/uploads\/2014\/08\/escovar.jpg\"><img fetchpriority=\"high\" decoding=\"async\" class=\"aligncenter size-full wp-image-183\" src=\"http:\/\/www.essenceodonto.com.br\/wp-content\/uploads\/2014\/08\/escovar.jpg\" alt=\"escovar\" width=\"614\" height=\"209\" srcset=\"https:\/\/www.essenceodonto.com.br\/wp-content\/uploads\/2014\/08\/escovar.jpg 614w, https:\/\/www.essenceodonto.com.br\/wp-content\/uploads\/2014\/08\/escovar-300x102.jpg 300w\" sizes=\"(max-width: 614px) 100vw, 614px\" \/><\/a><\/p>\n<h3 style=\"text-align: justify;\"><span style=\"text-decoration: underline;\"><strong>DICAS SOBRE IMPLANTES<\/strong><\/span><\/h3>\n<h3 style=\"text-align: justify;\"><strong>Cuide dos seus dentes e de seus implantes tamb\u00e9m, portanto, cuidado com a peri-implantite!<\/strong><\/h3>\n<p style=\"text-align: justify;\">Os implantes dent\u00e1rios t\u00eam se tornado cirurgias muito populares no Brasil e no mundo \u2013 e por um bom motivo. Ter um sorriso bonito \u00e9 sin\u00f4nimo de autoestima elevada e bem-estar. Basta apenas uma pequena imperfei\u00e7\u00e3o para que a gente coloque a m\u00e3o no rosto ao sorrir ou evite comer em locais p\u00fablicos. Criados para substituir um dente (ou muitos deles), os implantes recuperam a sa\u00fade oral, corrigem a mastiga\u00e7\u00e3o e servem como \u00e2ncora para os dentes artificiais no osso maxilar, sendo uma restaura\u00e7\u00e3o funcional e esteticamente mais eficaz. Mas, como todos os procedimentos possuem riscos, \u00e9 preciso tomar alguns cuidados para evitar processos inflamat\u00f3rios, como a peri-implantite, que afeta os tecidos circundantes ao implante. A doen\u00e7a est\u00e1 relacionada \u00e0 perda do suporte \u00f3sseo, sangramento e\/ou supura\u00e7\u00e3o.<\/p>\n<h3 style=\"text-align: justify;\"><strong>O que \u00e9 a Peri-implantite?<\/strong><\/h3>\n<p style=\"text-align: justify;\">Voc\u00ea sabia que essa infec\u00e7\u00e3o \u00e9 a maior causa da perda dos implantes? As bact\u00e9rias que determinam a inflama\u00e7\u00e3o podem estar presentes durante a cirurgia ou na falta de uma higiene bucal adequada, estimulando o aparecimento de uma infec\u00e7\u00e3o meses ou at\u00e9 anos ap\u00f3s a realiza\u00e7\u00e3o do procedimento. Sendo uma doen\u00e7a periodontal, ela ocasiona a perda \u00f3ssea e, em alguns dos casos, o implante deve ser removido. A seguir, separamos algumas dicas b\u00e1sicas para auxiliar voc\u00ea na preven\u00e7\u00e3o.<\/p>\n<h3 style=\"text-align: justify;\"><strong>Voc\u00ea deve ficar de olho, os principais sinais s\u00e3o:<\/strong><\/h3>\n<p style=\"text-align: justify;\">Perda progressiva de gengiva e osso em volta do implante;<br \/>\nForma\u00e7\u00e3o de pus e sangramento na regi\u00e3o do implante;<br \/>\nGengiva com apar\u00eancia de tecido inflamado\u00a0(sangrando, com incha\u00e7o, placa bacteriana e altera\u00e7\u00e3o de cor).<\/p>\n<p style=\"text-align: justify;\"><a href=\"http:\/\/www.essenceodonto.com.br\/wp-content\/uploads\/2014\/08\/periimplantite1.jpg\"><img decoding=\"async\" class=\"aligncenter size-full wp-image-81\" src=\"http:\/\/www.essenceodonto.com.br\/wp-content\/uploads\/2014\/08\/periimplantite1.jpg\" alt=\"periimplantite1\" width=\"870\" height=\"314\" srcset=\"https:\/\/www.essenceodonto.com.br\/wp-content\/uploads\/2014\/08\/periimplantite1.jpg 870w, https:\/\/www.essenceodonto.com.br\/wp-content\/uploads\/2014\/08\/periimplantite1-300x108.jpg 300w\" sizes=\"(max-width: 870px) 100vw, 870px\" \/><\/a><\/p>\n<h3 style=\"text-align: justify;\"><strong>Como prevenir?<\/strong><\/h3>\n<p style=\"text-align: justify;\">Pacientes com diabetes, que abusam do cigarro, com gengivas finas e com m\u00e1 higiene bucal est\u00e3o no grupo de risco para desenvolver o processo inflamat\u00f3rio. Al\u00e9m disso, quem tem osteoporose e bruxismo tamb\u00e9m est\u00e1 suscet\u00edvel \u00e0 doen\u00e7a. Para evitar que esse inc\u00f4modo apare\u00e7a, na hora de realizar o procedimento, procure profissionais especializados, que possuem a t\u00e9cnica cir\u00fargica adequada para realizar o implante. Al\u00e9m disso, o controle periodontal deve ser feito de forma correta, principalmente para evitar o contato de les\u00f5es com a superf\u00edcie do implante. \u00c9 importante fazer sempre uma boa escova\u00e7\u00e3o, removendo as placas e res\u00edduos de alimentos, bem como utilizar a escova interdental, uma boa escova espec\u00edfica para implantes e limpar a \u00e1rea com frequ\u00eancia.<\/p>\n<h3 style=\"text-align: justify;\"><strong>Tratamento<\/strong><\/h3>\n<p style=\"text-align: justify;\">Se a peri-implantite n\u00e3o estiver em um est\u00e1gio muito avan\u00e7ado, em que \u00e9 necess\u00e1rio retirar o implante, o tratamento \u00e9 simples: o especialista realizar\u00e1 a limpeza e descontamina\u00e7\u00e3o do local e aplicar\u00e1 antiss\u00e9pticos. Lembre-se: manter uma boa escova\u00e7\u00e3o e a higiene bucal correta \u00e9 a melhor maneira de prevenir qualquer inc\u00f4modo ou doen\u00e7a nos dentes e na gengiva. As c\u00e1ries que est\u00e3o pr\u00f3ximas ao implante exercem grande influ\u00eancia e contribuem para o aparecimento da peri-implantite. Muitas pessoas costumam achar que os implantes podem ser a solu\u00e7\u00e3o definitiva para periodontites n\u00e3o tratadas. Mas o tratamento periodontal deve continuar, principalmente com a presen\u00e7a dos implantes. O segredo para lidar com essa e outras doen\u00e7as \u00e9 a preven\u00e7\u00e3o, o diagn\u00f3stico precoce e sempre procurar um profissional especializado, que indicar\u00e1 as melhores formas de manter o local limpo.<\/p>\n<p style=\"text-align: justify;\"><a href=\"http:\/\/www.essenceodonto.com.br\/wp-content\/uploads\/2014\/08\/peri-implantite-bandeau.jpg\"><img decoding=\"async\" class=\"aligncenter size-full wp-image-124\" src=\"http:\/\/www.essenceodonto.com.br\/wp-content\/uploads\/2014\/08\/peri-implantite-bandeau.jpg\" alt=\"peri-implantite-bandeau\" width=\"600\" height=\"180\" srcset=\"https:\/\/www.essenceodonto.com.br\/wp-content\/uploads\/2014\/08\/peri-implantite-bandeau.jpg 600w, https:\/\/www.essenceodonto.com.br\/wp-content\/uploads\/2014\/08\/peri-implantite-bandeau-300x90.jpg 300w\" sizes=\"(max-width: 600px) 100vw, 600px\" \/><\/a><\/p>\n<h3 style=\"text-align: justify;\"><span style=\"text-decoration: underline;\"><span style=\"text-decoration: underline;\"><strong>DICAS SOBRE APARELHO ORTOD\u00d4NTICO<\/strong><\/span><\/span><\/h3>\n<h3 style=\"text-align: justify;\"><strong>\u00a0O que n\u00e3o posso comer??<\/strong><\/h3>\n<ul style=\"color: #787878; text-align: justify;\">\n<li style=\"text-align: justify;\"><span style=\"color: #333333;\"><strong>Alimento muito duro:<\/strong>\u00a0<\/span>deve-se evitar comer nozes e avel\u00e3s, milho, pipoca, rapadura, p\u00e9 de moleque e pirulitos tamb\u00e9m est\u00e3o inclu\u00eddos nesta categoria. Al\u00e9m de poder descolar br\u00e1quete, danificar ou quebrar outras partes do aparelho ortod\u00f4ntico, estes alimentos podem ficar retidos e ter dificuldade na higieniza\u00e7\u00e3o.<\/li>\n<li style=\"text-align: justify;\"><span style=\"color: #333333;\"><strong>Alimentos grudentos e pegajosos:<\/strong><\/span>\u00a0entende-se por alimentos pegajosos tudo que pode ficar colado no aparelho: chiclete, caramelos, balas e tudo o mais que possa ficar colado no aparelho.<\/li>\n<li style=\"text-align: justify;\"><span style=\"color: #333333;\"><strong>Alimentos fibrosos:<\/strong><\/span>\u00a0alguns alimentos possuem muitas fibras, como \u00e9 o caso de frutas como a manga e abacaxi. Outros como carne muito fibrosa tamb\u00e9m devem ser ingeridos com cuidado, ficam retidos no aparelho e podem acabar provocando c\u00e1ries e inflama\u00e7\u00f5es na gengiva.<\/li>\n<li style=\"text-align: justify;\"><span style=\"color: #333333;\"><strong>Alimentos espumantes:<\/strong> <\/span>\u00a0Refrigerantes s\u00e3o o fruto proibido para quem usa aparelho ortod\u00f4ntico fixo, o a\u00e7\u00facar e os \u00e1cidos contidos s\u00e3o o pior inimigo para quem pretende ter uma corre\u00e7\u00e3o de dentes sem maiores problemas.<\/li>\n<li style=\"text-align: justify;\"><span style=\"color: #333333;\"><strong>Cenoura e frutas duras:<\/strong>\u00a0<\/span>N\u00c3O \u00e9 proibido comer cenouras e frutas que sejam duras, como peras e ma\u00e7\u00e3s, pelo contr\u00e1rio, s\u00e3o essenciais para a sa\u00fade. Mas estes alimentos devem ser\u00a0cortados com uma faca em peda\u00e7os pequenos, NUNCA com os dentes, a probabilidade de soltar o fio ortod\u00f4ntico e descolar pe\u00e7as do aparelho s\u00e3o muito grandes.<\/li>\n<\/ul>\n<p style=\"text-align: justify;\"><span style=\"color: #333333;\"><span style=\"text-decoration: underline;\"><strong>IMPORTANTE<\/strong><\/span>:<\/span> limpar e escovar os dentes SEMPRE depois de comer alguma coisa. Ap\u00f3s a escova\u00e7\u00e3o, limpe a sua escova adequadamente para que ela n\u00e3o acumule bact\u00e9rias. N\u00e3o sabe como limpar?Os pacientes que usam aparelhos ortod\u00f4nticos fixos devem ter aten\u00e7\u00e3o redobrada quanto \u00e0 higiene, com controle constante e orienta\u00e7\u00f5es dadas pelo ortodontista.<\/p>\n<p style=\"text-align: justify;\"><span style=\"font-weight: normal;\">Toda pessoa que usa\u00a0<\/span>aparelho<span style=\"font-weight: normal;\">\u00a0deve adotar um sistema de\u00a0<\/span>limpeza<span style=\"font-weight: normal;\">\u00a0em duas etapas: escovar de cima para baixo e depois de baixo para cima \u2013 para deslocar melhor eventuais part\u00edculas de comida presas nos br\u00e1quetes. H\u00e1 tamb\u00e9m escovas projetadas especialmente para limpar entre os br\u00e1quetes.<\/span><\/p>\n<p style=\"text-align: justify;\"><a href=\"http:\/\/www.essenceodonto.com.br\/wp-content\/uploads\/2014\/08\/prev-orto.jpg\"><img loading=\"lazy\" decoding=\"async\" class=\"aligncenter size-full wp-image-140\" src=\"http:\/\/www.essenceodonto.com.br\/wp-content\/uploads\/2014\/08\/prev-orto.jpg\" alt=\"prev orto\" width=\"922\" height=\"124\" srcset=\"https:\/\/www.essenceodonto.com.br\/wp-content\/uploads\/2014\/08\/prev-orto.jpg 922w, https:\/\/www.essenceodonto.com.br\/wp-content\/uploads\/2014\/08\/prev-orto-300x40.jpg 300w\" sizes=\"(max-width: 922px) 100vw, 922px\" \/><\/a><\/p>\n<h3 style=\"text-align: justify;\"><strong>E em rela\u00e7\u00e3o aos aparelhos remov\u00edveis?<\/strong><\/h3>\n<p style=\"text-align: justify;\">Recomenda-se, al\u00e9m da higiene dos dentes, a do aparelho com a mesma freq\u00fc\u00eancia, escovando-o diariamente com creme dental, buscando-se evitar a reten\u00e7\u00e3o de placa no aparelho, e o consequente sabor desagrad\u00e1vel.<\/p>\n<h3 style=\"text-align: justify;\"><strong>Qual a escova dental recomendada?<\/strong><\/h3>\n<p style=\"text-align: justify;\">A escova dental apropriada \u00e9 aquela com cerdas arredondadas e macias. Existem no mercado escovas dentais pr\u00f3prias para a higiene do aparelho fixo com cerdas recortadas em forma de \u201cv\u201d para facilitar na limpeza dos br\u00e1quetes. A vida \u00fatil das escovas dentais dos pacientes ortod\u00f4nticos \u00e9 menor. Portanto, ela deve ser substitu\u00edda sempre que necess\u00e1rio.<\/p>\n<p style=\"text-align: justify;\"><strong><span style=\"font-weight: normal;\">Ao passar o fio dental, use um passa-fio ou fio com ponta r\u00edgida para passar o fio por baixo do arco met\u00e1lico, entre os dentes e depois sob os dentes, tomando cuidado para n\u00e3o fazer press\u00e3o sobre o fi<\/span><\/strong><strong><span style=\"font-weight: normal;\">o, utilize tamb\u00e9m a escova interdental para melhorar o resultado de sua escova\u00e7\u00e3o.<\/span><\/strong><\/p>\n<p style=\"text-align: justify;\"><img loading=\"lazy\" decoding=\"async\" src=\"http:\/\/www.clinicadentedeleite.com.br\/images\/art2706_HigieneBucalAparelhos.jpg\" alt=\"Uso de fio dental em aparelhos ortod\u00f4nticos\" width=\"400\" height=\"74\" \/><strong>\u00a0\u00a0\u00a0Passa fio<\/strong><\/p>\n<p style=\"text-align: justify;\"><strong>\u00a0<img loading=\"lazy\" decoding=\"async\" class=\"alignnone\" src=\"http:\/\/www.clinicadentedeleite.com.br\/images\/art2708_HigieneBucalAparelhos.jpg\" alt=\"Uso de escova especial na limpeza de aparelhos ortod\u00f4nticos\" width=\"172\" height=\"119\" \/>\u00a0<\/strong> <strong>Escova interdental<\/strong><\/p>\n","protected":false},"excerpt":{"rendered":"<p>Estar atento a algumas medidas simples podem ajudar a prevenir o aparecimento de diversas doen\u00e7as. Por isso, visite regularmente seu dentista. Preparamos algumas dicas e informa\u00e7\u00f5es que ajudar\u00e3o voc\u00ea a cuidar sempre de sua sa\u00fade bucal: Escova\u00e7\u00e3o: Uma escova\u00e7\u00e3o correta e eficaz ajuda a prevenir as doen\u00e7as bucais. Fio dental: O uso do fio dental [&hellip;]<\/p>\n","protected":false},"author":1,"featured_media":0,"parent":0,"menu_order":0,"comment_status":"closed","ping_status":"closed","template":"","meta":{"footnotes":""},"class_list":["post-25","page","type-page","status-publish","hentry"],"_links":{"self":[{"href":"https:\/\/www.essenceodonto.com.br\/index.php?rest_route=\/wp\/v2\/pages\/25","targetHints":{"allow":["GET"]}}],"collection":[{"href":"https:\/\/www.essenceodonto.com.br\/index.php?rest_route=\/wp\/v2\/pages"}],"about":[{"href":"https:\/\/www.essenceodonto.com.br\/index.php?rest_route=\/wp\/v2\/types\/page"}],"author":[{"embeddable":true,"href":"https:\/\/www.essenceodonto.com.br\/index.php?rest_route=\/wp\/v2\/users\/1"}],"replies":[{"embeddable":true,"href":"https:\/\/www.essenceodonto.com.br\/index.php?rest_route=%2Fwp%2Fv2%2Fcomments&post=25"}],"version-history":[{"count":56,"href":"https:\/\/www.essenceodonto.com.br\/index.php?rest_route=\/wp\/v2\/pages\/25\/revisions"}],"predecessor-version":[{"id":238,"href":"https:\/\/www.essenceodonto.com.br\/index.php?rest_route=\/wp\/v2\/pages\/25\/revisions\/238"}],"wp:attachment":[{"href":"https:\/\/www.essenceodonto.com.br\/index.php?rest_route=%2Fwp%2Fv2%2Fmedia&parent=25"}],"curies":[{"name":"wp","href":"https:\/\/api.w.org\/{rel}","templated":true}]}}