{"id":21,"date":"2014-08-26T01:38:45","date_gmt":"2014-08-26T01:38:45","guid":{"rendered":"http:\/\/www.essenceodonto.com.br\/wordpress\/?page_id=21"},"modified":"2015-06-10T16:12:54","modified_gmt":"2015-06-10T16:12:54","slug":"implantes","status":"publish","type":"page","link":"https:\/\/www.essenceodonto.com.br\/?page_id=21","title":{"rendered":"Implantes"},"content":{"rendered":"<h3><span style=\"color: #333333;\"><strong>\u00a0<\/strong><\/span><br \/>\n<strong> O que s\u00e3o implantes dent\u00e1rios?<\/strong><\/h3>\n<p style=\"text-align: justify;\">O implante dent\u00e1rio \u00e9 um parafuso de tit\u00e2nio que substitui a raiz de um dente natural que por determinado motivo foi extra\u00eddo. O implante \u00e9 colocado no osso da maxila ou da mand\u00edbula e com o tempo, de 28 dias (Implante Su\u00ed\u00e7o &#8211; Straumann) a 6 meses (Implante Nacional), ir\u00e1 osseointegrar podendo depois suportar for\u00e7as como se tratasse de um dente natural.<\/p>\n<p style=\"text-align: center;\"><a href=\"http:\/\/www.essenceodonto.com.br\/wp-content\/uploads\/2014\/08\/1349190855490.jpg\"><img fetchpriority=\"high\" decoding=\"async\" class=\"aligncenter wp-image-86 size-medium\" src=\"http:\/\/www.essenceodonto.com.br\/wp-content\/uploads\/2014\/08\/1349190855490-300x288.jpg\" alt=\"1349190855490\" width=\"300\" height=\"288\" srcset=\"https:\/\/www.essenceodonto.com.br\/wp-content\/uploads\/2014\/08\/1349190855490-300x288.jpg 300w, https:\/\/www.essenceodonto.com.br\/wp-content\/uploads\/2014\/08\/1349190855490.jpg 500w\" sizes=\"(max-width: 300px) 100vw, 300px\" \/><\/a><a href=\"http:\/\/www.essenceodonto.com.br\/wordpress\/wp-content\/uploads\/2014\/08\/1349190855490.jpg\"><br \/>\n<\/a><br \/>\n<strong> 1 Dente natural, \u00a0 2 Implante, \u00a03 Coroa em porcelana<\/strong><\/p>\n<p><strong>\u00a0<\/strong><br \/>\n<strong><br \/>\n<\/strong><\/p>\n<h3><strong>Quais s\u00e3o as reais vantagens sobre as pr\u00f3teses convencionais?<\/strong><\/h3>\n<p style=\"text-align: justify;\">O osso alveolar s\u00f3 existe enquanto temos dentes, e quando estes s\u00e3o perdidos o osso come\u00e7a tamb\u00e9m a desaparecer e com ele os l\u00e1bios come\u00e7am a enrugar dando \u00e0 pessoa um aspecto envelhecido. As pr\u00f3teses convencionais n\u00e3o conseguem manter o osso, pelo contr\u00e1rio podem (se\u00a0estiverem desajustadas) levar \u00e0 acelera\u00e7\u00e3o da perda \u00f3ssea. Os implantes dent\u00e1rios ao funcionarem como dentes impedem a perda de osso e consequentemente atrasam o envelhecimento facial. A outra grande vantagem \u00e9 o fato de ser uma solu\u00e7\u00e3o fixa, n\u00e3o corre o risco de movimentar ou cair os dentes. Pode parecer irrelevante, mas \u00e9 o suficiente para lhe aumentar a autoconfian\u00e7a e voltar a sorrir como antes.<\/p>\n<p><strong>\u00a0<a href=\"http:\/\/www.essenceodonto.com.br\/wp-content\/uploads\/2014\/08\/04689DE1-8F1D-4DC6-A0E2-5A54ACA658081.jpg\"><img decoding=\"async\" class=\"aligncenter wp-image-171 size-large\" src=\"http:\/\/www.essenceodonto.com.br\/wp-content\/uploads\/2014\/08\/04689DE1-8F1D-4DC6-A0E2-5A54ACA658081-1024x404.jpg\" alt=\"04689DE1-8F1D-4DC6-A0E2-5A54ACA65808\" width=\"720\" height=\"284\" srcset=\"https:\/\/www.essenceodonto.com.br\/wp-content\/uploads\/2014\/08\/04689DE1-8F1D-4DC6-A0E2-5A54ACA658081-1024x404.jpg 1024w, https:\/\/www.essenceodonto.com.br\/wp-content\/uploads\/2014\/08\/04689DE1-8F1D-4DC6-A0E2-5A54ACA658081-300x118.jpg 300w, https:\/\/www.essenceodonto.com.br\/wp-content\/uploads\/2014\/08\/04689DE1-8F1D-4DC6-A0E2-5A54ACA658081.jpg 1204w\" sizes=\"(max-width: 720px) 100vw, 720px\" \/><\/a><\/strong><\/p>\n<h3><strong>O implante dent\u00e1rio pode ser rejeitado pelo organismo?<\/strong><\/h3>\n<p style=\"text-align: justify;\">N\u00e3o existe rejei\u00e7\u00e3o ao implante. Dentro de condi\u00e7\u00f5es ideais de planejamento, execu\u00e7\u00e3o e cuidados p\u00f3s-operat\u00f3rios. \u00c9 \u00f3tima a aceita\u00e7\u00e3o do implante dent\u00e1rio pelo organismo, caracterizando assim, a osseointegra\u00e7\u00e3o. Em casos onde n\u00e3o h\u00e1 osso suficiente, podem ser utilizados enxertos \u00f3sseos de doador, do pr\u00f3prio paciente ou de biomateriais, proporcionando condi\u00e7\u00f5es favor\u00e1veis \u00e0 instala\u00e7\u00e3o do implante dent\u00e1rio.<\/p>\n<p>&nbsp;<\/p>\n<h3><strong>Que cuidados devo ter com os\u00a0implantes?<\/strong><\/h3>\n<p style=\"text-align: justify;\">Os implantes dent\u00e1rios apesar de serem de tit\u00e2nio e a coroa (dente) em porcelana devem ter uma higiene perfeita tal como deveriam ter os seus dentes naturais. Os cuidados a ter s\u00e3o muito semelhantes aos dos dentes naturais: escova\u00e7\u00e3o, uso de fio dental e bochechos com anti-s\u00e9ptico.<\/p>\n<p><strong>\u00a0<\/strong><strong><br \/>\n<\/strong><\/p>\n<h3><strong>Qual o per\u00edodo para revis\u00e3o do implante?<\/strong><\/h3>\n<p style=\"text-align: justify;\">De 6 em 6 meses \u00e9 bom avaliar os implantes dent\u00e1rios, realizando limpezas e verificando a gengiva, adapta\u00e7\u00e3o e oclus\u00e3o, para garantir maior durabilidade do trabalho e \u00f3tima performance do mesmo.<\/p>\n<p style=\"text-align: justify;\"><strong>\u00a0<\/strong><br \/>\n<strong><br \/>\n<\/strong><\/p>\n<h3><strong>Quais mudan\u00e7as vou sentir na minha vida?<\/strong><\/h3>\n<p style=\"text-align: justify;\">Os seus novos dentes t\u00eam o aspecto, a textura e a funcionalidade de um dente natural, o que implica em n\u00e3o precisar deixar de comer alimentos duros, esconder os dentes quando se ri e lavar a pr\u00f3tese \u00e0s escondidas.<\/p>\n<p style=\"text-align: justify;\">As pr\u00f3teses convencionais remov\u00edveis diminuem a capacidade mastigat\u00f3ria que vai ser restitu\u00edda com a coloca\u00e7\u00e3o dos implantes.<code><\/code><\/p>\n","protected":false},"excerpt":{"rendered":"<p>\u00a0 O que s\u00e3o implantes dent\u00e1rios? O implante dent\u00e1rio \u00e9 um parafuso de tit\u00e2nio que substitui a raiz de um dente natural que por determinado motivo foi extra\u00eddo. O implante \u00e9 colocado no osso da maxila ou da mand\u00edbula e com o tempo, de 28 dias (Implante Su\u00ed\u00e7o &#8211; Straumann) a 6 meses (Implante Nacional), [&hellip;]<\/p>\n","protected":false},"author":1,"featured_media":0,"parent":0,"menu_order":0,"comment_status":"closed","ping_status":"closed","template":"","meta":{"footnotes":""},"class_list":["post-21","page","type-page","status-publish","hentry"],"_links":{"self":[{"href":"https:\/\/www.essenceodonto.com.br\/index.php?rest_route=\/wp\/v2\/pages\/21","targetHints":{"allow":["GET"]}}],"collection":[{"href":"https:\/\/www.essenceodonto.com.br\/index.php?rest_route=\/wp\/v2\/pages"}],"about":[{"href":"https:\/\/www.essenceodonto.com.br\/index.php?rest_route=\/wp\/v2\/types\/page"}],"author":[{"embeddable":true,"href":"https:\/\/www.essenceodonto.com.br\/index.php?rest_route=\/wp\/v2\/users\/1"}],"replies":[{"embeddable":true,"href":"https:\/\/www.essenceodonto.com.br\/index.php?rest_route=%2Fwp%2Fv2%2Fcomments&post=21"}],"version-history":[{"count":17,"href":"https:\/\/www.essenceodonto.com.br\/index.php?rest_route=\/wp\/v2\/pages\/21\/revisions"}],"predecessor-version":[{"id":201,"href":"https:\/\/www.essenceodonto.com.br\/index.php?rest_route=\/wp\/v2\/pages\/21\/revisions\/201"}],"wp:attachment":[{"href":"https:\/\/www.essenceodonto.com.br\/index.php?rest_route=%2Fwp%2Fv2%2Fmedia&parent=21"}],"curies":[{"name":"wp","href":"https:\/\/api.w.org\/{rel}","templated":true}]}}