{"id":19,"date":"2014-08-26T01:38:14","date_gmt":"2014-08-26T01:38:14","guid":{"rendered":"http:\/\/www.essenceodonto.com.br\/wordpress\/?page_id=19"},"modified":"2015-06-10T16:13:49","modified_gmt":"2015-06-10T16:13:49","slug":"proteses","status":"publish","type":"page","link":"https:\/\/www.essenceodonto.com.br\/?page_id=19","title":{"rendered":"Pr\u00f3teses"},"content":{"rendered":"<h3><strong>O que s\u00e3o as pr\u00f3teses dent\u00e1rias?<\/strong><\/h3>\n<p>S\u00e3o aparelhos prot\u00e9ticos que substituem os dentes naturais perdidos.<br \/>\nPara que o sistema mastigat\u00f3rio funcione adequadamente, os dentes precisam estar em equil\u00edbrio nos arcos dent\u00e1rios superior e inferior. A perda de um s\u00f3 dente desequilibra esse sistema de for\u00e7as, e os dentes movimentam-se, migrando para compensar a perda. Espa\u00e7os s\u00e3o criados, desn\u00edveis acontecem e a mastiga\u00e7\u00e3o e a est\u00e9tica sofrem. Os dentes precisam ser\u00a0recolocados.<\/p>\n<h3><strong>Quantos tipos de pr\u00f3tese existem?<\/strong><\/h3>\n<p>Existem quatro tipos de pr\u00f3tese:<\/p>\n<ol>\n<li>Parcial fixa ou ponte fixa;<\/li>\n<li>Parcial remov\u00edvel ou ponte m\u00f3vel;<\/li>\n<li>Total m\u00f3vel ou dentadura;<\/li>\n<li>Fixa ou m\u00f3vel sobre implantes.<\/li>\n<\/ol>\n<h5><a href=\"http:\/\/www.essenceodonto.com.br\/wp-content\/uploads\/2014\/08\/proteses_fixas.jpg\"><img fetchpriority=\"high\" decoding=\"async\" class=\"aligncenter wp-image-128 size-large\" src=\"http:\/\/www.essenceodonto.com.br\/wp-content\/uploads\/2014\/08\/proteses_fixas-1024x243.jpg\" alt=\"proteses_fixas\" width=\"720\" height=\"170\" srcset=\"https:\/\/www.essenceodonto.com.br\/wp-content\/uploads\/2014\/08\/proteses_fixas-1024x243.jpg 1024w, https:\/\/www.essenceodonto.com.br\/wp-content\/uploads\/2014\/08\/proteses_fixas-300x71.jpg 300w, https:\/\/www.essenceodonto.com.br\/wp-content\/uploads\/2014\/08\/proteses_fixas.jpg 1312w\" sizes=\"(max-width: 720px) 100vw, 720px\" \/><\/a><\/h5>\n<h5><\/h5>\n<h3><strong>Quais os cuidados que devo ter com a pr\u00f3tese?<\/strong><\/h3>\n<ul>\n<li>Ap\u00f3s a instala\u00e7\u00e3o da pr\u00f3tese deve-se ingerir alimentos macios (primeiros dias \u2013 per\u00edodo de adapta\u00e7\u00e3o); com o passar do tempo pode ingerir alimentos s\u00f3lidos normalmente desde que os mastigue vagarosa e uniformemente, controlando a mastiga\u00e7\u00e3o ao morder;<\/li>\n<li>Limpar a pr\u00f3tese ap\u00f3s as refei\u00e7\u00f5es utilizando uma escova pr\u00f3pria para pr\u00f3teses, cuja caracter\u00edstica \u00e9 a presen\u00e7a de cerdas de dois comprimentos.<\/li>\n<\/ul>\n<h3><strong>Quais cuidados devo ter com a higieniza\u00e7\u00e3o da boca?<\/strong><\/h3>\n<ul>\n<li>Escovar a l\u00edngua com movimentos suaves utilizando uma escova macia e pasta, ou limpador de l\u00edngua encontrado no mercado;<\/li>\n<li>Fazer bochechos com anti-s\u00e9pticos bucais;<\/li>\n<li>Escovar os dentes 3 vezes ao dia com escova e t\u00e9cnica adequada (consulte nossos profissionais).<\/li>\n<\/ul>\n<h3><strong>Quando \u00e9 que a pr\u00f3tese deve ser substitu\u00edda?<\/strong><\/h3>\n<p>As pr\u00f3teses totais devem ser substitu\u00eddas em torno de 5 a 7 anos. Durante esse tempo, o paciente deve recorrer ao seu dentista para que sejam efetuados controles peri\u00f3dicos da gengiva e sejam verificados os ajustes oclusais.<br \/>\nO mesmo deve ocorrer com as pr\u00f3teses m\u00f3veis que devem ser revisadas a cada 6 meses. No caso das fixas, com uma boa manuten\u00e7\u00e3o, seu tempo varia de paciente para paciente.<\/p>\n","protected":false},"excerpt":{"rendered":"<p>O que s\u00e3o as pr\u00f3teses dent\u00e1rias? S\u00e3o aparelhos prot\u00e9ticos que substituem os dentes naturais perdidos. Para que o sistema mastigat\u00f3rio funcione adequadamente, os dentes precisam estar em equil\u00edbrio nos arcos dent\u00e1rios superior e inferior. A perda de um s\u00f3 dente desequilibra esse sistema de for\u00e7as, e os dentes movimentam-se, migrando para compensar a perda. Espa\u00e7os [&hellip;]<\/p>\n","protected":false},"author":1,"featured_media":0,"parent":0,"menu_order":0,"comment_status":"closed","ping_status":"closed","template":"","meta":{"footnotes":""},"class_list":["post-19","page","type-page","status-publish","hentry"],"_links":{"self":[{"href":"https:\/\/www.essenceodonto.com.br\/index.php?rest_route=\/wp\/v2\/pages\/19","targetHints":{"allow":["GET"]}}],"collection":[{"href":"https:\/\/www.essenceodonto.com.br\/index.php?rest_route=\/wp\/v2\/pages"}],"about":[{"href":"https:\/\/www.essenceodonto.com.br\/index.php?rest_route=\/wp\/v2\/types\/page"}],"author":[{"embeddable":true,"href":"https:\/\/www.essenceodonto.com.br\/index.php?rest_route=\/wp\/v2\/users\/1"}],"replies":[{"embeddable":true,"href":"https:\/\/www.essenceodonto.com.br\/index.php?rest_route=%2Fwp%2Fv2%2Fcomments&post=19"}],"version-history":[{"count":11,"href":"https:\/\/www.essenceodonto.com.br\/index.php?rest_route=\/wp\/v2\/pages\/19\/revisions"}],"predecessor-version":[{"id":202,"href":"https:\/\/www.essenceodonto.com.br\/index.php?rest_route=\/wp\/v2\/pages\/19\/revisions\/202"}],"wp:attachment":[{"href":"https:\/\/www.essenceodonto.com.br\/index.php?rest_route=%2Fwp%2Fv2%2Fmedia&parent=19"}],"curies":[{"name":"wp","href":"https:\/\/api.w.org\/{rel}","templated":true}]}}