{"id":23,"date":"2014-08-26T01:39:17","date_gmt":"2014-08-26T01:39:17","guid":{"rendered":"http:\/\/www.essenceodonto.com.br\/wordpress\/?page_id=23"},"modified":"2020-11-19T15:22:59","modified_gmt":"2020-11-19T15:22:59","slug":"tratamentos","status":"publish","type":"page","link":"http:\/\/www.essenceodonto.com.br\/?page_id=23","title":{"rendered":"Tratamentos"},"content":{"rendered":"<p>Nossa Cl\u00ednica\u00a0realiza atrav\u00e9s de profissionais especializados, uma variedade de procedimentos ligados a odontologia.<\/p>\n<p>Atendimentos particulares e conv\u00eanios.<\/p>\n<p>&nbsp;<\/p>\n<ul>\n<li><span style=\"text-decoration: underline;\"><strong>Cl\u00ednica Geral<\/strong><\/span><\/li>\n<\/ul>\n<p>Adultos , crian\u00e7as e pacientes especiais.<\/p>\n<p>&nbsp;<\/p>\n<ul>\n<li>\n<h4><strong><a href=\"http:\/\/www.essenceodonto.com.br\/wp-content\/uploads\/2014\/08\/siso.jpg\"><img decoding=\"async\" class=\"wp-image-252 size-medium alignright\" src=\"http:\/\/www.essenceodonto.com.br\/wp-content\/uploads\/2014\/08\/siso-300x133.jpg\" alt=\"siso\" width=\"300\" height=\"133\" srcset=\"http:\/\/www.essenceodonto.com.br\/wp-content\/uploads\/2014\/08\/siso-300x133.jpg 300w, http:\/\/www.essenceodonto.com.br\/wp-content\/uploads\/2014\/08\/siso.jpg 350w\" sizes=\"(max-width: 300px) 100vw, 300px\" \/><\/a><\/strong><\/h4>\n<p><span style=\"text-decoration: underline;\"><strong>Cirurgias<\/strong><\/span><\/li>\n<\/ul>\n<p style=\"text-align: justify;\">Extra\u00e7\u00f5es de dentes retidos, inclusos e impactados, terceiros molares e enxertos.<\/p>\n<p>&nbsp;<\/p>\n<p>&nbsp;<\/p>\n<ul>\n<li><span style=\"text-decoration: underline;\"><strong><a href=\"http:\/\/www.essenceodonto.com.br\/wp-content\/uploads\/2014\/08\/protese1.jpg\"><img fetchpriority=\"high\" decoding=\"async\" class=\"size-full wp-image-273 alignright\" src=\"http:\/\/www.essenceodonto.com.br\/wp-content\/uploads\/2014\/08\/protese1.jpg\" alt=\"protese\" width=\"459\" height=\"110\" srcset=\"http:\/\/www.essenceodonto.com.br\/wp-content\/uploads\/2014\/08\/protese1.jpg 459w, http:\/\/www.essenceodonto.com.br\/wp-content\/uploads\/2014\/08\/protese1-300x72.jpg 300w\" sizes=\"(max-width: 459px) 100vw, 459px\" \/><\/a><\/strong><strong>Pr\u00f3teses e Reabilita\u00e7\u00f5es<\/strong><\/span><\/li>\n<\/ul>\n<p style=\"text-align: justify;\">Pr\u00f3teses sobre implante: unit\u00e1rio, ponte fixa, overdenture e pr\u00f3tese protocolo.<\/p>\n<p style=\"text-align: justify;\">Pr\u00f3teses sobre dente: fixas, remov\u00edveis, totais, facetas, lentes de contato, coroas em porcelana pura e zirc\u00f4nia.<\/p>\n<p>&nbsp;<\/p>\n<ul>\n<li><strong><a href=\"http:\/\/www.essenceodonto.com.br\/wp-content\/uploads\/2014\/08\/unnamed.jpg\"><img decoding=\"async\" class=\"alignright wp-image-292 size-medium\" src=\"http:\/\/www.essenceodonto.com.br\/wp-content\/uploads\/2014\/08\/unnamed-300x296.jpg\" alt=\"unnamed\" width=\"300\" height=\"296\" srcset=\"http:\/\/www.essenceodonto.com.br\/wp-content\/uploads\/2014\/08\/unnamed-300x296.jpg 300w, http:\/\/www.essenceodonto.com.br\/wp-content\/uploads\/2014\/08\/unnamed.jpg 646w\" sizes=\"(max-width: 300px) 100vw, 300px\" \/><\/a><\/strong><strong>Facetas\/Lentes de contato<\/strong><\/li>\n<\/ul>\n<p style=\"text-align: justify;\">As lentes de contato dentais, s\u00e3o l\u00e2minas superfinas de porcelana cimentadas sobre os dentes onde o dentista precisa fazer m\u00ednimo ou nenhum desgaste no dente, servem para corrigir imperfei\u00e7\u00f5es, tamanho, forma, manchas leves, e pequenas les\u00f5es dos dentes.<\/p>\n<p>&nbsp;<\/p>\n<p>&nbsp;<\/p>\n<p>&nbsp;<\/p>\n<p>&nbsp;<\/p>\n<p>&nbsp;<\/p>\n<p>&nbsp;<\/p>\n<ul>\n<li><span style=\"text-decoration: underline;\"><strong><a href=\"http:\/\/www.essenceodonto.com.br\/wp-content\/uploads\/2014\/08\/imp2.jpg\"><img loading=\"lazy\" decoding=\"async\" class=\"alignright wp-image-263 size-medium\" src=\"http:\/\/www.essenceodonto.com.br\/wp-content\/uploads\/2014\/08\/imp2-300x178.jpg\" alt=\"imp2\" width=\"300\" height=\"178\" srcset=\"http:\/\/www.essenceodonto.com.br\/wp-content\/uploads\/2014\/08\/imp2-300x178.jpg 300w, http:\/\/www.essenceodonto.com.br\/wp-content\/uploads\/2014\/08\/imp2.jpg 590w\" sizes=\"(max-width: 300px) 100vw, 300px\" \/><\/a><\/strong><strong>Implantes<\/strong><\/span><\/li>\n<\/ul>\n<p style=\"text-align: justify;\">Implantes unit\u00e1rios, protocolos (todos os dentes sobre implantes), overdenture, carga imediata (pr\u00f3tese em at\u00e9 48h).<\/p>\n<p>&nbsp;<\/p>\n<p>&nbsp;<\/p>\n<p>&nbsp;<\/p>\n<p>&nbsp;<\/p>\n<ul>\n<li><span style=\"text-decoration: underline;\"><strong><a href=\"http:\/\/www.essenceodonto.com.br\/wp-content\/uploads\/2014\/08\/aparelhos.jpg\"><img loading=\"lazy\" decoding=\"async\" class=\"alignright wp-image-255 size-medium\" src=\"http:\/\/www.essenceodonto.com.br\/wp-content\/uploads\/2014\/08\/aparelhos-300x110.jpg\" alt=\"aparelhos\" width=\"300\" height=\"110\" srcset=\"http:\/\/www.essenceodonto.com.br\/wp-content\/uploads\/2014\/08\/aparelhos-300x110.jpg 300w, http:\/\/www.essenceodonto.com.br\/wp-content\/uploads\/2014\/08\/aparelhos.jpg 842w\" sizes=\"(max-width: 300px) 100vw, 300px\" \/><\/a><\/strong><strong>Ortodontia e Ortopedia funcional dos maxilares<\/strong><\/span><\/li>\n<\/ul>\n<p style=\"text-align: justify;\">Aparelho fixo convencional (met\u00e1lico), em porcelana, zirc\u00f4nia, safira (est\u00e9tico) e aparelho autoligado.<\/p>\n<p>&nbsp;<\/p>\n<p>&nbsp;<\/p>\n<p><strong><a href=\"http:\/\/www.essenceodonto.com.br\/wp-content\/uploads\/2014\/08\/post-bichecto.png\"><img loading=\"lazy\" decoding=\"async\" class=\"alignright wp-image-262 size-medium\" src=\"http:\/\/www.essenceodonto.com.br\/wp-content\/uploads\/2014\/08\/post-bichecto-212x300.png\" alt=\"post-bichecto\" width=\"212\" height=\"300\" srcset=\"http:\/\/www.essenceodonto.com.br\/wp-content\/uploads\/2014\/08\/post-bichecto-212x300.png 212w, http:\/\/www.essenceodonto.com.br\/wp-content\/uploads\/2014\/08\/post-bichecto-724x1024.png 724w, http:\/\/www.essenceodonto.com.br\/wp-content\/uploads\/2014\/08\/post-bichecto.png 842w\" sizes=\"(max-width: 212px) 100vw, 212px\" \/><\/a><\/strong><\/p>\n<ul>\n<li><span style=\"text-decoration: underline;\"><strong>Bichectomia<\/strong><\/span><\/li>\n<\/ul>\n<p style=\"text-align: justify;\">Desenvolvida para deixar o <span style=\"text-decoration: underline;\">rosto mais magro e fino<\/span> diminuindo a forma arredondada das bochechas, essa cirurgia consiste na retirada da bola de gordura de Bichat.<\/p>\n<p style=\"text-align: justify;\"><u><\/u>A bola de Bichat \u00e9 uma estrutura que se encontra na regi\u00e3o das bochechas, consiste em um ac\u00famulo de gordura que existe em todas as pessoas, no entanto em alguns indiv\u00edduos esta quantidade de gordura pode ser maior ocasionando um formato mais arredondado \u00e0 face.<\/p>\n<p>&nbsp;<\/p>\n<p>&nbsp;<\/p>\n<ul>\n<li>\n<h4><strong><a href=\"http:\/\/www.essenceodonto.com.br\/wp-content\/uploads\/2014\/08\/post-botox.png\"><img loading=\"lazy\" decoding=\"async\" class=\"alignright wp-image-256 size-medium\" src=\"http:\/\/www.essenceodonto.com.br\/wp-content\/uploads\/2014\/08\/post-botox-212x300.png\" alt=\"post-botox\" width=\"212\" height=\"300\" srcset=\"http:\/\/www.essenceodonto.com.br\/wp-content\/uploads\/2014\/08\/post-botox-212x300.png 212w, http:\/\/www.essenceodonto.com.br\/wp-content\/uploads\/2014\/08\/post-botox-724x1024.png 724w, http:\/\/www.essenceodonto.com.br\/wp-content\/uploads\/2014\/08\/post-botox.png 842w\" sizes=\"(max-width: 212px) 100vw, 212px\" \/><\/a><\/strong><\/h4>\n<p><span style=\"text-decoration: underline;\"><strong>Botox<\/strong><\/span><\/li>\n<\/ul>\n<p style=\"text-align: justify;\">Tratamento das rugas e linhas de express\u00e3o (testa, regi\u00e3o dos olhos e sulcos ao redor dos l\u00e1bios), cefal\u00e9ia associada ao bruxismo e apertamento dental, assimetrias faciais, hipertrofia do m\u00fasculo masseter, disfun\u00e7\u00e3o das articula\u00e7\u00f5es temporomandibulares e sorriso gengival.<\/p>\n<p>&nbsp;<\/p>\n<p>&nbsp;<\/p>\n<p>&nbsp;<\/p>\n<p>&nbsp;<\/p>\n<p>&nbsp;<\/p>\n<p>&nbsp;<\/p>\n<ul>\n<li><strong><a href=\"http:\/\/www.essenceodonto.com.br\/wp-content\/uploads\/2014\/08\/odontologia-estetica-cor.jpg\"><img loading=\"lazy\" decoding=\"async\" class=\"alignright wp-image-257 \" src=\"http:\/\/www.essenceodonto.com.br\/wp-content\/uploads\/2014\/08\/odontologia-estetica-cor-300x254.jpg\" alt=\"odontologia-estetica-cor\" width=\"223\" height=\"189\" srcset=\"http:\/\/www.essenceodonto.com.br\/wp-content\/uploads\/2014\/08\/odontologia-estetica-cor-300x254.jpg 300w, http:\/\/www.essenceodonto.com.br\/wp-content\/uploads\/2014\/08\/odontologia-estetica-cor.jpg 600w\" sizes=\"(max-width: 223px) 100vw, 223px\" \/><\/a><\/strong><span style=\"text-decoration: underline;\"><strong>Restaura\u00e7\u00f5es\u00a0<\/strong><\/span><\/li>\n<\/ul>\n<p style=\"text-align: justify;\">Restaura\u00e7\u00f5es em resina direta e indireta (onlay, inlay e overlay), facetas em resina, \u00a0e restaura\u00e7\u00f5es est\u00e9ticas.<\/p>\n<p>&nbsp;<\/p>\n<p>&nbsp;<\/p>\n<p>&nbsp;<\/p>\n<ul>\n<li>\n<h4><strong><a href=\"http:\/\/www.essenceodonto.com.br\/wp-content\/uploads\/2014\/08\/clareamento-dental.jpg\"><img loading=\"lazy\" decoding=\"async\" class=\"alignright wp-image-258 size-medium\" src=\"http:\/\/www.essenceodonto.com.br\/wp-content\/uploads\/2014\/08\/clareamento-dental-300x99.jpg\" alt=\"clareamento-dental\" width=\"300\" height=\"99\" srcset=\"http:\/\/www.essenceodonto.com.br\/wp-content\/uploads\/2014\/08\/clareamento-dental-300x99.jpg 300w, http:\/\/www.essenceodonto.com.br\/wp-content\/uploads\/2014\/08\/clareamento-dental.jpg 910w\" sizes=\"(max-width: 300px) 100vw, 300px\" \/><\/a><\/strong><\/h4>\n<p><span style=\"text-decoration: underline;\"><strong>Clareamento<\/strong><\/span><\/li>\n<\/ul>\n<p style=\"text-align: justify;\">Convencional (moldeira + gel) e Laser.<\/p>\n<p>&nbsp;<\/p>\n<p>&nbsp;<\/p>\n<ul>\n<li>\n<h4><strong><a href=\"http:\/\/www.essenceodonto.com.br\/wp-content\/uploads\/2014\/08\/endodontia1.jpg\"><img loading=\"lazy\" decoding=\"async\" class=\"alignright wp-image-259 size-medium\" src=\"http:\/\/www.essenceodonto.com.br\/wp-content\/uploads\/2014\/08\/endodontia1-300x156.jpg\" alt=\"endodontia1\" width=\"300\" height=\"156\" srcset=\"http:\/\/www.essenceodonto.com.br\/wp-content\/uploads\/2014\/08\/endodontia1-300x156.jpg 300w, http:\/\/www.essenceodonto.com.br\/wp-content\/uploads\/2014\/08\/endodontia1.jpg 312w\" sizes=\"(max-width: 300px) 100vw, 300px\" \/><\/a><\/strong><\/h4>\n<p><span style=\"text-decoration: underline;\"><strong>Tratamento de Canal (Endodontia)<\/strong><\/span><\/li>\n<\/ul>\n<p style=\"text-align: justify;\">Manual\/convencional e rotat\u00f3rio (1 consulta).<\/p>\n<p>&nbsp;<\/p>\n<p>&nbsp;<\/p>\n<p>&nbsp;<\/p>\n<ul>\n<li>\n<h4><strong><a href=\"http:\/\/www.essenceodonto.com.br\/wp-content\/uploads\/2014\/08\/perio.jpeg\"><img loading=\"lazy\" decoding=\"async\" class=\"wp-image-260 size-medium alignright\" src=\"http:\/\/www.essenceodonto.com.br\/wp-content\/uploads\/2014\/08\/perio-300x194.jpeg\" alt=\"perio\" width=\"300\" height=\"194\" srcset=\"http:\/\/www.essenceodonto.com.br\/wp-content\/uploads\/2014\/08\/perio-300x194.jpeg 300w, http:\/\/www.essenceodonto.com.br\/wp-content\/uploads\/2014\/08\/perio.jpeg 1000w\" sizes=\"(max-width: 300px) 100vw, 300px\" \/><\/a><\/strong><\/h4>\n<p><span style=\"text-decoration: underline;\"><strong>Tratamento da Gengiva (Periodontia)<\/strong><\/span><\/li>\n<\/ul>\n<p style=\"text-align: justify;\">Tratamento da periodontite, peri-implantite e cirurgia pl\u00e1stica periodontal.<\/p>\n<p>&nbsp;<\/p>\n<p>&nbsp;<\/p>\n<p>&nbsp;<\/p>\n<ul>\n<li>\n<h4><strong><a href=\"http:\/\/www.essenceodonto.com.br\/wp-content\/uploads\/2014\/08\/bruxismo3.jpg\"><img loading=\"lazy\" decoding=\"async\" class=\"wp-image-261 size-medium alignright\" src=\"http:\/\/www.essenceodonto.com.br\/wp-content\/uploads\/2014\/08\/bruxismo3-300x130.jpg\" alt=\"bruxismo3\" width=\"300\" height=\"130\" srcset=\"http:\/\/www.essenceodonto.com.br\/wp-content\/uploads\/2014\/08\/bruxismo3-300x130.jpg 300w, http:\/\/www.essenceodonto.com.br\/wp-content\/uploads\/2014\/08\/bruxismo3.jpg 600w\" sizes=\"(max-width: 300px) 100vw, 300px\" \/><\/a><\/strong><\/h4>\n<p><span style=\"text-decoration: underline;\"><strong>Disfun\u00e7\u00e3o Temporomandibular<\/strong><\/span><\/li>\n<\/ul>\n<p style=\"text-align: justify;\">Tratamento do Bruxismo atrav\u00e9s de aparelhos\/placas miorrelaxantes.<\/p>\n<p>&nbsp;<\/p>\n<h2><span style=\"text-decoration: underline; color: #008080;\"><strong>Custos<\/strong><\/span><\/h2>\n<p>Investimento em sa\u00fade bucal \u00e9 investimento no futuro.<\/p>\n<p>Os benef\u00edcios do tratamento ortod\u00f4ntico ou com implantes permanecem por toda a vida.<\/p>\n<p>A Essence Odonto\u00a0sistematiza os atendimentos e administra os custos operacionais de maneira simplificada.<\/p>\n<p>Para saber o valor dos tratamentos \u00e9 essencial realizar a consulta de avalia\u00e7\u00e3o, pois cada caso tem uma necessidade espec\u00edfica.<\/p>\n<h4 class=\"textograyB\" style=\"color: #702b3d;\"><span style=\"color: #008080;\">A felicidade de ter um sorriso perfeito n\u00e3o tem pre\u00e7o.<\/span><\/h4>\n<h4><span class=\"textograyB\" style=\"color: #008080;\">Agende sua consulta, ser\u00e1 um prazer receb\u00ea-lo.<\/span><\/h4>\n","protected":false},"excerpt":{"rendered":"<p>Nossa Cl\u00ednica\u00a0realiza atrav\u00e9s de profissionais especializados, uma variedade de procedimentos ligados a odontologia. Atendimentos particulares e conv\u00eanios. &nbsp; Cl\u00ednica Geral Adultos , crian\u00e7as e pacientes especiais. &nbsp; Cirurgias Extra\u00e7\u00f5es de dentes retidos, inclusos e impactados, terceiros molares e enxertos. &nbsp; &nbsp; Pr\u00f3teses e Reabilita\u00e7\u00f5es Pr\u00f3teses sobre implante: unit\u00e1rio, ponte fixa, overdenture e pr\u00f3tese protocolo. Pr\u00f3teses [&hellip;]<\/p>\n","protected":false},"author":1,"featured_media":0,"parent":0,"menu_order":0,"comment_status":"closed","ping_status":"closed","template":"","meta":{"footnotes":""},"class_list":["post-23","page","type-page","status-publish","hentry"],"_links":{"self":[{"href":"http:\/\/www.essenceodonto.com.br\/index.php?rest_route=\/wp\/v2\/pages\/23","targetHints":{"allow":["GET"]}}],"collection":[{"href":"http:\/\/www.essenceodonto.com.br\/index.php?rest_route=\/wp\/v2\/pages"}],"about":[{"href":"http:\/\/www.essenceodonto.com.br\/index.php?rest_route=\/wp\/v2\/types\/page"}],"author":[{"embeddable":true,"href":"http:\/\/www.essenceodonto.com.br\/index.php?rest_route=\/wp\/v2\/users\/1"}],"replies":[{"embeddable":true,"href":"http:\/\/www.essenceodonto.com.br\/index.php?rest_route=%2Fwp%2Fv2%2Fcomments&post=23"}],"version-history":[{"count":46,"href":"http:\/\/www.essenceodonto.com.br\/index.php?rest_route=\/wp\/v2\/pages\/23\/revisions"}],"predecessor-version":[{"id":295,"href":"http:\/\/www.essenceodonto.com.br\/index.php?rest_route=\/wp\/v2\/pages\/23\/revisions\/295"}],"wp:attachment":[{"href":"http:\/\/www.essenceodonto.com.br\/index.php?rest_route=%2Fwp%2Fv2%2Fmedia&parent=23"}],"curies":[{"name":"wp","href":"https:\/\/api.w.org\/{rel}","templated":true}]}}